{"id":1454,"date":"2025-06-25T09:36:07","date_gmt":"2025-06-25T09:36:07","guid":{"rendered":"https:\/\/staging.greenpowergarage.hu\/?page_id=1454"},"modified":"2025-07-07T02:23:47","modified_gmt":"2025-07-07T02:23:47","slug":"muszaki-vizsga","status":"publish","type":"page","link":"https:\/\/staging.greenpowergarage.hu\/?page_id=1454","title":{"rendered":"M\u0171szaki vizsga"},"content":{"rendered":"\t\t<div data-elementor-type=\"wp-page\" data-elementor-id=\"1454\" class=\"elementor elementor-1454\">\n\t\t\t\t<div class=\"elementor-element elementor-element-2b9ea26 e-flex e-con-boxed e-con e-parent\" data-id=\"2b9ea26\" data-element_type=\"container\">\n\t\t\t\t\t<div class=\"e-con-inner\">\n\t\t\t\t<div class=\"elementor-element elementor-element-5304e2a elementor-widget elementor-widget-heading\" data-id=\"5304e2a\" data-element_type=\"widget\" data-widget_type=\"heading.default\">\n\t\t\t\t<div class=\"elementor-widget-container\">\n\t\t\t\t\t<h2 class=\"elementor-heading-title elementor-size-default\">M\u0171szaki vizsga<\/h2>\t\t\t\t<\/div>\n\t\t\t\t<\/div>\n\t\t\t\t\t<\/div>\n\t\t\t\t<\/div>\n\t\t<div class=\"elementor-element elementor-element-bf3d9ca e-flex e-con-boxed e-con e-parent\" data-id=\"bf3d9ca\" data-element_type=\"container\">\n\t\t\t\t\t<div class=\"e-con-inner\">\n\t\t\t\t<div class=\"elementor-element elementor-element-3770a4a elementor-widget elementor-widget-text-editor\" data-id=\"3770a4a\" data-element_type=\"widget\" data-widget_type=\"text-editor.default\">\n\t\t\t\t<div class=\"elementor-widget-container\">\n\t\t\t\t\t\t\t\t\t<p>V\u00e1llaljuk elektromos, plugin hibrid \u00e9s hibrid aut\u00f3k szakszer\u0171 vizsg\u00e1ztat\u00e1s\u00e1t.<\/p><p>N\u00e1lunk az aut\u00f3k k\u00e9tszer mennek v\u00e9gig a vizsgasoron els\u0151k\u00e9nt egy \u00e1tvizsg\u00e1l\u00e1sra, ahol kisz\u0171rj\u00fck ha nem teljes\u00edti valamelyik vizsgafelt\u00e9telt, illetve t\u00e1j\u00e9koztatjuk a tulajt, ha olyan hib\u00e1t tapasztalunk, ami nem vizsgak\u00f6vetelm\u00e9ny, de \u00e9rdemes azt jav\u00edtani.<\/p><p>Ha mindent rendben tal\u00e1lunk akkor j\u00f6n a hivatalos m\u0171szaki vizsga az \u00e1llami rendszer szerint dokument\u00e1lva.<\/p><p>Term\u00e9szetesen n\u00e1lunk nincs okoss\u00e1g, az aut\u00f3 nem mehet \u00e1t a m\u0171szaki vizsg\u00e1n, ha nem felel meg a forgalomban val\u00f3 r\u00e9szv\u00e9tel felt\u00e9teleinek, viszont a fellelt esetleges hib\u00e1kat \u00e9s sz\u00fcks\u00e9ges be\u00e1ll\u00edt\u00e1sokat gyorsan \u00e9s k\u00f6lts\u00e9ghat\u00e9konyan tudjuk korrig\u00e1lni.<\/p><p>Fizet\u00e9s csak k\u00e9szp\u00e9nzben lehets\u00e9ges!<br \/>A m\u0171szaki vizsga \u00e1raink (brutt\u00f3 \u00e1rak, amik tartalmazz\u00e1k az el\u0151zetes \u00e1tvizsg\u00e1l\u00e1st is):<\/p>\t\t\t\t\t\t\t\t<\/div>\n\t\t\t\t<\/div>\n\t\t\t\t\t<\/div>\n\t\t\t\t<\/div>\n\t\t<div class=\"elementor-element elementor-element-6e218c7 e-flex e-con-boxed e-con e-parent\" data-id=\"6e218c7\" data-element_type=\"container\">\n\t\t\t\t\t<div class=\"e-con-inner\">\n\t\t\t\t<div class=\"elementor-element elementor-element-60430cf elementor-widget elementor-widget-html\" data-id=\"60430cf\" data-element_type=\"widget\" data-widget_type=\"html.default\">\n\t\t\t\t<div class=\"elementor-widget-container\">\n\t\t\t\t\t<table class=\"has-fixed-layout\" style=\"border-collapse: collapse; width: 100%;\">\r\n  <thead>\r\n    <tr style=\"border-bottom: 3px solid black;\">\r\n      <th style=\"text-align: center; padding: 8px;\">J\u00e1rm\u0171 t\u00edpus<\/th>\r\n      <th style=\"text-align: center; padding: 8px;\">Vizsga d\u00edj<\/th>\r\n    <\/tr>\r\n  <\/thead>\r\n  <tbody>\r\n    <tr style=\"background-color: #f0f0f0;\">\r\n      <td style=\"text-align: center; padding: 8px;\">Elektromos szem\u00e9lyg\u00e9pkocsi vizsga d\u00edja, 2 ker\u00e9k meghajt\u00e1ssal<\/td>\r\n      <td style=\"text-align: center; padding: 8px;\">32340.-Ft<\/td>\r\n    <\/tr>\r\n    <tr>\r\n      <td style=\"text-align: center; padding: 8px;\">Elektromos szem\u00e9lyg\u00e9pkocsi vizsga d\u00edja, 4 ker\u00e9k meghajt\u00e1ssal<\/td>\r\n      <td style=\"text-align: center; padding: 8px;\">40310.-Ft<\/td>\r\n    <\/tr>\r\n    <tr style=\"background-color: #f0f0f0;\">\r\n      <td style=\"text-align: center; padding: 8px;\">Elektromos teherg\u00e9pkocsi<\/td>\r\n      <td style=\"text-align: center; padding: 8px;\">33740.-Ft<\/td>\r\n    <\/tr>\r\n    <tr>\r\n      <td style=\"text-align: center; padding: 8px;\">Bels\u0151 \u00e9g\u00e9s\u0171 motorral szerelt (Benzin Diesel Hybrid), szem\u00e9lyg\u00e9pkocsi, 2 ker\u00e9k meghajt\u00e1ssal<\/td>\r\n      <td style=\"text-align: center; padding: 8px;\">41940.-Ft<\/td>\r\n    <\/tr>\r\n    <tr style=\"background-color: #f0f0f0;\">\r\n      <td style=\"text-align: center; padding: 8px;\">Bels\u0151 eg\u00e9s\u0171 motorral szerelt, szem\u00e9lyg\u00e9pkocsi (Benzin Diesel Hybrid), 4 ker\u00e9k meghajt\u00e1ssal<\/td>\r\n      <td style=\"text-align: center; padding: 8px;\">49910.-Ft<\/td>\r\n    <\/tr>\r\n    <tr>\r\n      <td style=\"text-align: center; padding: 8px;\">Bels\u0151 eg\u00e9s\u0171 motorral szerelt, teherg\u00e9pkocsi (Benzin Diesel), 2 ker\u00e9k meghajt\u00e1ssal<\/td>\r\n      <td style=\"text-align: center; padding: 8px;\">44610.-Ft<\/td>\r\n    <\/tr>\r\n    <tr style=\"background-color: #f0f0f0;\">\r\n      <td style=\"text-align: center; padding: 8px;\">Bels\u0151 eg\u00e9s\u0171 motorral szerelt, teherg\u00e9pkocsi (Benzin Diesel), 4 ker\u00e9k meghajt\u00e1ssal<\/td>\r\n      <td style=\"text-align: center; padding: 8px;\">52580.-Ft<\/td>\r\n    <\/tr>\r\n    <tr>\r\n      <td style=\"text-align: center; padding: 8px;\">Motor vizsgadija el\u0151zetes \u00e1tvizsg\u00e1l\u00e1ssal egy\u00fctt<\/td>\r\n      <td style=\"text-align: center; padding: 8px;\">22440.-Ft<\/td>\r\n    <\/tr>\r\n  <\/tbody>\r\n<\/table>\r\n\t\t\t\t<\/div>\n\t\t\t\t<\/div>\n\t\t\t\t<div class=\"elementor-element elementor-element-742cecd elementor-widget elementor-widget-text-editor\" data-id=\"742cecd\" data-element_type=\"widget\" data-widget_type=\"text-editor.default\">\n\t\t\t\t<div class=\"elementor-widget-container\">\n\t\t\t\t\t\t\t\t\t<p class=\"has-medium-font-size\">\u00c9rint\u00e9sv\u00e9delmi fel\u00fclvizsg\u00e1lat nem sz\u00fcks\u00e9ges, de k\u00e9r\u00e9sre term\u00e9szetesen tudunk csin\u00e1lni.<br \/>A teljes folyamat kb. 1 \u00f3r\u00e1t vesz ig\u00e9nybe, megv\u00e1rhat\u00f3, v\u00e9gign\u00e9zhet\u0151, v\u00e1laszolunk a felmer\u00fclt k\u00e9rd\u00e9sekre.<\/p><p>Sikertelen vizsga eset\u00e9n, az \u00e1tvizsg\u00e1l\u00e1si d\u00edj megfizet\u00e9se minden esetben k\u00f6telez\u0151.<br \/>El\u0151zetes \u00e1tvizsg\u00e1l\u00e1si d\u00edj: 15000.-Ft<br \/>\u00dajb\u00f3li vizsga eset\u00e9n csak a fenntart\u00f3 \u00e1llami r\u00e9szt kell megfizetni. (T\u00edpusra vonatkoz\u00f3 Vizsgad\u00edj \u2013 15000.-Ft)<\/p><p class=\"has-medium-font-size\">M\u0171szaki vizsg\u00e1ra val\u00f3 bejelentkez\u00e9s a 06 30 670 2670 -es telefonsz\u00e1mon, Palla K\u00e1lm\u00e1nn\u00e1l lehets\u00e9ges.<\/p>\t\t\t\t\t\t\t\t<\/div>\n\t\t\t\t<\/div>\n\t\t<div class=\"elementor-element elementor-element-220bbc4 e-grid e-con-full e-con e-child\" data-id=\"220bbc4\" data-element_type=\"container\">\n\t\t\t\t<div class=\"elementor-element elementor-element-5f57963 elementor-widget elementor-widget-image\" data-id=\"5f57963\" data-element_type=\"widget\" data-widget_type=\"image.default\">\n\t\t\t\t<div class=\"elementor-widget-container\">\n\t\t\t\t\t\t\t\t\t\t\t\t\t\t\t<img fetchpriority=\"high\" decoding=\"async\" width=\"1024\" height=\"577\" src=\"https:\/\/staging.greenpowergarage.hu\/wp-content\/uploads\/2023\/12\/vizsga_02-1024x577.jpg\" class=\"attachment-large size-large wp-image-902\" alt=\"\" srcset=\"https:\/\/staging.greenpowergarage.hu\/wp-content\/uploads\/2023\/12\/vizsga_02-1024x577.jpg 1024w, https:\/\/staging.greenpowergarage.hu\/wp-content\/uploads\/2023\/12\/vizsga_02-300x169.jpg 300w, https:\/\/staging.greenpowergarage.hu\/wp-content\/uploads\/2023\/12\/vizsga_02-768x432.jpg 768w, https:\/\/staging.greenpowergarage.hu\/wp-content\/uploads\/2023\/12\/vizsga_02-1536x865.jpg 1536w, https:\/\/staging.greenpowergarage.hu\/wp-content\/uploads\/2023\/12\/vizsga_02.jpg 2048w\" sizes=\"(max-width: 1024px) 100vw, 1024px\" \/>\t\t\t\t\t\t\t\t\t\t\t\t\t\t\t<\/div>\n\t\t\t\t<\/div>\n\t\t\t\t<div class=\"elementor-element elementor-element-a212d40 elementor-widget elementor-widget-image\" data-id=\"a212d40\" data-element_type=\"widget\" data-widget_type=\"image.default\">\n\t\t\t\t<div class=\"elementor-widget-container\">\n\t\t\t\t\t\t\t\t\t\t\t\t\t\t\t<img decoding=\"async\" width=\"1024\" height=\"577\" src=\"https:\/\/staging.greenpowergarage.hu\/wp-content\/uploads\/2023\/12\/vizsga_01-1024x577.jpg\" class=\"attachment-large size-large wp-image-901\" alt=\"\" srcset=\"https:\/\/staging.greenpowergarage.hu\/wp-content\/uploads\/2023\/12\/vizsga_01-1024x577.jpg 1024w, https:\/\/staging.greenpowergarage.hu\/wp-content\/uploads\/2023\/12\/vizsga_01-300x169.jpg 300w, https:\/\/staging.greenpowergarage.hu\/wp-content\/uploads\/2023\/12\/vizsga_01-768x432.jpg 768w, https:\/\/staging.greenpowergarage.hu\/wp-content\/uploads\/2023\/12\/vizsga_01-1536x865.jpg 1536w, https:\/\/staging.greenpowergarage.hu\/wp-content\/uploads\/2023\/12\/vizsga_01.jpg 2048w\" sizes=\"(max-width: 1024px) 100vw, 1024px\" \/>\t\t\t\t\t\t\t\t\t\t\t\t\t\t\t<\/div>\n\t\t\t\t<\/div>\n\t\t\t\t<div class=\"elementor-element elementor-element-4d4f37d elementor-widget elementor-widget-image\" data-id=\"4d4f37d\" data-element_type=\"widget\" data-widget_type=\"image.default\">\n\t\t\t\t<div class=\"elementor-widget-container\">\n\t\t\t\t\t\t\t\t\t\t\t\t\t\t\t<img decoding=\"async\" width=\"1024\" height=\"577\" src=\"https:\/\/staging.greenpowergarage.hu\/wp-content\/uploads\/2023\/12\/vizsga_03-1024x577.jpg\" class=\"attachment-large size-large wp-image-900\" alt=\"\" srcset=\"https:\/\/staging.greenpowergarage.hu\/wp-content\/uploads\/2023\/12\/vizsga_03-1024x577.jpg 1024w, https:\/\/staging.greenpowergarage.hu\/wp-content\/uploads\/2023\/12\/vizsga_03-300x169.jpg 300w, https:\/\/staging.greenpowergarage.hu\/wp-content\/uploads\/2023\/12\/vizsga_03-768x432.jpg 768w, https:\/\/staging.greenpowergarage.hu\/wp-content\/uploads\/2023\/12\/vizsga_03-1536x865.jpg 1536w, https:\/\/staging.greenpowergarage.hu\/wp-content\/uploads\/2023\/12\/vizsga_03.jpg 2048w\" sizes=\"(max-width: 1024px) 100vw, 1024px\" \/>\t\t\t\t\t\t\t\t\t\t\t\t\t\t\t<\/div>\n\t\t\t\t<\/div>\n\t\t\t\t<\/div>\n\t\t\t\t\t<\/div>\n\t\t\t\t<\/div>\n\t\t\t\t<\/div>\n\t\t","protected":false},"excerpt":{"rendered":"<p>M\u0171szaki vizsga V\u00e1llaljuk elektromos, plugin hibrid \u00e9s hibrid aut\u00f3k szakszer\u0171 vizsg\u00e1ztat\u00e1s\u00e1t. N\u00e1lunk az aut\u00f3k k\u00e9tszer mennek v\u00e9gig a vizsgasoron els\u0151k\u00e9nt egy \u00e1tvizsg\u00e1l\u00e1sra, ahol kisz\u0171rj\u00fck ha nem teljes\u00edti valamelyik vizsgafelt\u00e9telt, illetve t\u00e1j\u00e9koztatjuk a tulajt, ha olyan hib\u00e1t tapasztalunk, ami nem vizsgak\u00f6vetelm\u00e9ny, de \u00e9rdemes azt jav\u00edtani. Ha mindent rendben tal\u00e1lunk akkor j\u00f6n a hivatalos m\u0171szaki vizsga az [&hellip;]<\/p>\n","protected":false},"author":6,"featured_media":0,"parent":0,"menu_order":0,"comment_status":"closed","ping_status":"closed","template":"","meta":{"site-sidebar-layout":"no-sidebar","site-content-layout":"","ast-site-content-layout":"full-width-container","site-content-style":"default","site-sidebar-style":"default","ast-global-header-display":"","ast-banner-title-visibility":"","ast-main-header-display":"","ast-hfb-above-header-display":"","ast-hfb-below-header-display":"","ast-hfb-mobile-header-display":"","site-post-title":"disabled","ast-breadcrumbs-content":"","ast-featured-img":"disabled","footer-sml-layout":"","theme-transparent-header-meta":"","adv-header-id-meta":"","stick-header-meta":"","header-above-stick-meta":"","header-main-stick-meta":"","header-below-stick-meta":"","astra-migrate-meta-layouts":"default","ast-page-background-enabled":"default","ast-page-background-meta":{"desktop":{"background-color":"var(--ast-global-color-5)","background-image":"","background-repeat":"repeat","background-position":"center center","background-size":"auto","background-attachment":"scroll","background-type":"","background-media":"","overlay-type":"","overlay-color":"","overlay-opacity":"","overlay-gradient":""},"tablet":{"background-color":"","background-image":"","background-repeat":"repeat","background-position":"center center","background-size":"auto","background-attachment":"scroll","background-type":"","background-media":"","overlay-type":"","overlay-color":"","overlay-opacity":"","overlay-gradient":""},"mobile":{"background-color":"","background-image":"","background-repeat":"repeat","background-position":"center center","background-size":"auto","background-attachment":"scroll","background-type":"","background-media":"","overlay-type":"","overlay-color":"","overlay-opacity":"","overlay-gradient":""}},"ast-content-background-meta":{"desktop":{"background-color":"var(--ast-global-color-4)","background-image":"","background-repeat":"repeat","background-position":"center center","background-size":"auto","background-attachment":"scroll","background-type":"","background-media":"","overlay-type":"","overlay-color":"","overlay-opacity":"","overlay-gradient":""},"tablet":{"background-color":"var(--ast-global-color-4)","background-image":"","background-repeat":"repeat","background-position":"center center","background-size":"auto","background-attachment":"scroll","background-type":"","background-media":"","overlay-type":"","overlay-color":"","overlay-opacity":"","overlay-gradient":""},"mobile":{"background-color":"var(--ast-global-color-4)","background-image":"","background-repeat":"repeat","background-position":"center center","background-size":"auto","background-attachment":"scroll","background-type":"","background-media":"","overlay-type":"","overlay-color":"","overlay-opacity":"","overlay-gradient":""}},"footnotes":""},"class_list":["post-1454","page","type-page","status-publish","hentry"],"_links":{"self":[{"href":"https:\/\/staging.greenpowergarage.hu\/index.php?rest_route=\/wp\/v2\/pages\/1454","targetHints":{"allow":["GET"]}}],"collection":[{"href":"https:\/\/staging.greenpowergarage.hu\/index.php?rest_route=\/wp\/v2\/pages"}],"about":[{"href":"https:\/\/staging.greenpowergarage.hu\/index.php?rest_route=\/wp\/v2\/types\/page"}],"author":[{"embeddable":true,"href":"https:\/\/staging.greenpowergarage.hu\/index.php?rest_route=\/wp\/v2\/users\/6"}],"replies":[{"embeddable":true,"href":"https:\/\/staging.greenpowergarage.hu\/index.php?rest_route=%2Fwp%2Fv2%2Fcomments&post=1454"}],"version-history":[{"count":28,"href":"https:\/\/staging.greenpowergarage.hu\/index.php?rest_route=\/wp\/v2\/pages\/1454\/revisions"}],"predecessor-version":[{"id":1541,"href":"https:\/\/staging.greenpowergarage.hu\/index.php?rest_route=\/wp\/v2\/pages\/1454\/revisions\/1541"}],"wp:attachment":[{"href":"https:\/\/staging.greenpowergarage.hu\/index.php?rest_route=%2Fwp%2Fv2%2Fmedia&parent=1454"}],"curies":[{"name":"wp","href":"https:\/\/api.w.org\/{rel}","templated":true}]}}